{"id":965,"date":"2016-06-22T15:27:51","date_gmt":"2016-06-22T14:27:51","guid":{"rendered":"http:\/\/medigroup.mikado-themes.com\/?page_id=965"},"modified":"2022-05-16T12:30:32","modified_gmt":"2022-05-16T11:30:32","slug":"our-team","status":"publish","type":"page","link":"https:\/\/beograd-centar.rs\/en\/our-team\/","title":{"rendered":"Our team"},"content":{"rendered":"<div class=\"wpb-content-wrapper\"><p>[vc_row content_width=&#8221;grid&#8221;][vc_column width=&#8221;2\/3&#8243;][vc_row_inner][vc_column_inner width=&#8221;1\/2&#8243;][vc_single_image image=&#8221;4173&#8243; img_size=&#8221;full&#8221;][vc_empty_space height=&#8221;20px&#8221;][\/vc_column_inner][vc_column_inner width=&#8221;1\/2&#8243;]<div class=\"mkd-section-title-holder\">\n\t<h2 class=\"mkd-section-title\" style=\"color: #84c6e0;text-align: left\">\n\tPROFESSOR ZORAN STAJ\u010cI\u0106<\/h2>\n<\/div><div class=\"mkd-section-subtitle-holder\" >\n\t<p  class=\"mkd-section-subtitle\">Specialist Oral and Maxillofacial Surgeon, Doctor of Science \u2013 Ph.D., Former Professor of Maxillofacial Surgery, Oral Surgery and Oral Implantology, now in private practice www.beograd-centar.rs with over 30 years of surgical experience.<\/p>\n<\/div>[vc_column_text]<u>Scope of Surgery<\/u>: Bone Reconstructive Dental Implantology, Orthognathic Surgery, Bone and Soft Tissues Reconstructive Surgery, Facial Aesthetic Surgery, Facial Feminisation\/Masculinisation Surgery, Maxillofacial Trauma, Maxillofacial Oncological Surgery, Oral Surgery, Perioplastic Surgery.[\/vc_column_text][\/vc_column_inner][\/vc_row_inner][vc_column_text]<u>Chief Surgeon<\/u>: Former Professor of Oral Surgery and Maxillofacial Surgery, Faculty of Stomatology, University of Belgrade and Faculty of Medicine, University of Banja Luka. Professor of Oral Implantology, Faculty of Medicine, Novi Sad.<\/p>\n<p><u>International appointments<\/u>: Locum PROFESSOR of Maxillofacial Surgery, Bristol Dental Hospital-U.K. (1994\/95); Alexander von Humboldt FELLOW, Clinic of Oral and Maxillofacial Surgery, Freiburg &#8211; Germany (1987\/8): OBERARZT (Senior specialist) Department of Maxillofacial and Oral Surgery, General Hospital, Wels &#8211; Austria (1991\/92).<\/p>\n<p><u>Memberships \/ Fellowships<\/u>: Fellow: International Team for Implantology (ITI), Alexander von Humboldt. Member: International Association of Oral and Maxillofacial Surgeons, European Association for Cranio-Maxillofacial Surgery, British Association of Oral &amp; Maxillofacial Surgeons, European Association for Osseo-integration. European Academy for Facial Plastic Surgery<\/p>\n<p><u>Administrative \/ Committee activities<\/u>: Past Councillor, European Association for Cranio Cranio-Maxillofacial Surgery, Past-Member of the Executive Board of the Serbian Medical Association, Past-President of the Serbian Association for Oral Implantology, Past President of the Association of self-employed dentists of Serbia, Past Director of Dental Chamber of Serbia<\/p>\n<p><u>Publications<\/u>: Seventy-six articles were published in peer-review journals. Over two hundred presentations and lectures by invitation worldwide.<\/p>\n<p><u>Textbooks<\/u>: Atlas on Oral Implantology; Maxillary Sinus in Surgery of Oro-facial Region; Anaesthesia in Stomatology; Glycerol and Streptomycin in the Treatment of Trigeminal Neuralgia. Atlas of Implant Dental Surgery and Tooth Preserving Surgery Prevention and Management of Complications (English and Chinese edition).<\/p>\n<p>Past member of the Editorial Board of Medical Science Monitor, Serbian Journal of Stomatology, and Balkan Journal of Stomatology.[\/vc_column_text][vc_empty_space height=&#8221;50px&#8221;][vc_row_inner][vc_column_inner width=&#8221;1\/2&#8243;][vc_single_image image=&#8221;5030&#8243; img_size=&#8221;large&#8221;][vc_empty_space height=&#8221;20px&#8221;][\/vc_column_inner][vc_column_inner width=&#8221;1\/2&#8243;]<div class=\"mkd-section-title-holder\">\n\t<h2 class=\"mkd-section-title\" style=\"color: #84c6e0;text-align: left\">\n\tDr. Marko Rodi\u0107<\/h2>\n<\/div><div class=\"mkd-section-subtitle-holder\" >\n\t<p  class=\"mkd-section-subtitle\">Oral surgeon<\/p>\n<\/div>[vc_column_text]Graduated from the Faculty of Dentistry of the University of Belgrade in 2009, gaining the academic title of Doctor of Dentistry.<\/p>\n<p>In 2015, Dr. Rodi\u0107 specialized at the Clinic for Oral Surgery of the University of Belgrade and received the title of Specialist in Oral Surgery.<\/p>\n<p>Dr. Rodi\u0107 has been lecturing and publishing extensively. The following articles are most prominent among many others.<\/p>\n<p>Staj\u010di\u0107 Z., Stoj\u010dev Staj\u010di\u0107 Lj., Aditya P., Rodi\u0107 M., Mileusni\u0107 B. &amp; Aditya A .: The combined augmentation\/vestibuloplasty procedure preventing gingival recession in orthodontically \/ surgically treated prognathic patient: a 14-year follow-up, Oral Surgery ISSN 1752-2471;[\/vc_column_text][\/vc_column_inner][\/vc_row_inner][vc_column_text]Staj\u010di\u0107 Z., Stoj\u010dev Staj\u010di\u0107 Lj., Kalanovi\u0107 M., \u0110ini\u0107 A., Divekar N., Rodi\u0107 M .: Removal of dental implants: Review of five different techniques, Int. J. Oral Maxillofac. Surg. 2016 May; 45 (5): 641-8. DOI: 10.1016 \/ j.ijom.2015.11.003. Epub 2015 Dec 10.[\/vc_column_text][vc_empty_space height=&#8221;50px&#8221;][vc_row_inner][vc_column_inner width=&#8221;1\/2&#8243;][vc_single_image image=&#8221;5029&#8243; img_size=&#8221;large&#8221;][vc_empty_space height=&#8221;50px&#8221;][\/vc_column_inner][vc_column_inner width=&#8221;1\/2&#8243;]<div class=\"mkd-section-title-holder\">\n\t<h2 class=\"mkd-section-title\" style=\"color: #84c6e0;text-align: left\">\n\tTanja \u010cobanovi\u0107<\/h2>\n<\/div><div class=\"mkd-section-subtitle-holder\" >\n\t<p  class=\"mkd-section-subtitle\">Surgical nurse<\/p>\n<\/div>[vc_column_text]Graduated from the Medical High School in Belgrade in 1992.<\/p>\n<p>After graduation, Tanja\u00a0 became a member of professor Staj\u010di\u0107 team assisting in the operating theatre and partially doing administrative\u00a0work.[\/vc_column_text][\/vc_column_inner][\/vc_row_inner][\/vc_column][vc_column width=&#8221;1\/3&#8243;][vc_widget_sidebar sidebar_id=&#8221;sidebar-page-2&#8243;][\/vc_column][\/vc_row]<\/p>\n<\/div>","protected":false},"excerpt":{"rendered":"<p>[vc_row content_width=&#8221;grid&#8221;][vc_column width=&#8221;2\/3&#8243;][vc_row_inner][vc_column_inner width=&#8221;1\/2&#8243;][vc_single_image image=&#8221;4173&#8243; img_size=&#8221;full&#8221;][vc_empty_space height=&#8221;20px&#8221;][\/vc_column_inner][vc_column_inner width=&#8221;1\/2&#8243;][vc_column_text]Scope of Surgery: Bone Reconstructive Dental Implantology, Orthognathic Surgery, Bone and Soft Tissues Reconstructive Surgery, Facial Aesthetic Surgery, Facial Feminisation\/Masculinisation Surgery, Maxillofacial Trauma, Maxillofacial Oncological Surgery, Oral Surgery, Perioplastic Surgery.[\/vc_column_text][\/vc_column_inner][\/vc_row_inner][vc_column_text]Chief Surgeon: Former Professor of Oral Surgery and Maxillofacial&#8230;<\/p>\n","protected":false},"author":2,"featured_media":0,"parent":0,"menu_order":0,"comment_status":"closed","ping_status":"closed","template":"","meta":{"footnotes":""},"class_list":["post-965","page","type-page","status-publish","hentry"],"yoast_head":"<!-- This site is optimized with the Yoast SEO plugin v27.0 - https:\/\/yoast.com\/product\/yoast-seo-wordpress\/ -->\n<title>Na\u0161 tim || Specijalisti\u010dka ordinacija za maksilofacijalnu hirurgiju<\/title>\n<meta name=\"description\" content=\"Na\u0161 tim predvodi prof. dr Zoran Staj\u010di\u0107, doktor stomatolo\u0161kih nauka, spec. maksilofacijalne hirurgije, oralne hirurgije i implantologije.\" \/>\n<meta name=\"robots\" content=\"noindex, follow, max-snippet:-1, max-image-preview:large, max-video-preview:-1\" \/>\n<meta property=\"og:locale\" content=\"en_US\" \/>\n<meta property=\"og:type\" content=\"article\" \/>\n<meta property=\"og:title\" content=\"Na\u0161 tim || Specijalisti\u010dka ordinacija za maksilofacijalnu hirurgiju\" \/>\n<meta property=\"og:description\" content=\"Na\u0161 tim predvodi prof. dr Zoran Staj\u010di\u0107, doktor stomatolo\u0161kih nauka, spec. maksilofacijalne hirurgije, oralne hirurgije i implantologije.\" \/>\n<meta property=\"og:url\" content=\"https:\/\/beograd-centar.rs\/en\/our-team\/\" \/>\n<meta property=\"og:site_name\" content=\"Belgrade Center\" \/>\n<meta property=\"article:modified_time\" content=\"2022-05-16T11:30:32+00:00\" \/>\n<meta name=\"twitter:card\" content=\"summary_large_image\" \/>\n<meta name=\"twitter:label1\" content=\"Est. reading time\" \/>\n\t<meta name=\"twitter:data1\" content=\"3 minutes\" \/>\n<script type=\"application\/ld+json\" class=\"yoast-schema-graph\">{\"@context\":\"https:\/\/schema.org\",\"@graph\":[{\"@type\":\"WebPage\",\"@id\":\"https:\/\/beograd-centar.rs\/en\/our-team\/\",\"url\":\"https:\/\/beograd-centar.rs\/en\/our-team\/\",\"name\":\"Na\u0161 tim || Specijalisti\u010dka ordinacija za maksilofacijalnu hirurgiju\",\"isPartOf\":{\"@id\":\"https:\/\/beograd-centar.rs\/en\/#website\"},\"datePublished\":\"2016-06-22T14:27:51+00:00\",\"dateModified\":\"2022-05-16T11:30:32+00:00\",\"description\":\"Na\u0161 tim predvodi prof. dr Zoran Staj\u010di\u0107, doktor stomatolo\u0161kih nauka, spec. maksilofacijalne hirurgije, oralne hirurgije i implantologije.\",\"breadcrumb\":{\"@id\":\"https:\/\/beograd-centar.rs\/en\/our-team\/#breadcrumb\"},\"inLanguage\":\"en-US\",\"potentialAction\":[{\"@type\":\"ReadAction\",\"target\":[\"https:\/\/beograd-centar.rs\/en\/our-team\/\"]}]},{\"@type\":\"BreadcrumbList\",\"@id\":\"https:\/\/beograd-centar.rs\/en\/our-team\/#breadcrumb\",\"itemListElement\":[{\"@type\":\"ListItem\",\"position\":1,\"name\":\"\u041f\u043e\u0447\u0435\u0442\u043d\u0430\",\"item\":\"https:\/\/beograd-centar.rs\/en\/\"},{\"@type\":\"ListItem\",\"position\":2,\"name\":\"Our team\"}]},{\"@type\":\"WebSite\",\"@id\":\"https:\/\/beograd-centar.rs\/en\/#website\",\"url\":\"https:\/\/beograd-centar.rs\/en\/\",\"name\":\"Belgrade Center\",\"description\":\"Oral, maxillofacial, and facial aesthetic surgery, as well as implantology.\",\"potentialAction\":[{\"@type\":\"SearchAction\",\"target\":{\"@type\":\"EntryPoint\",\"urlTemplate\":\"https:\/\/beograd-centar.rs\/en\/?s={search_term_string}\"},\"query-input\":{\"@type\":\"PropertyValueSpecification\",\"valueRequired\":true,\"valueName\":\"search_term_string\"}}],\"inLanguage\":\"en-US\"}]}<\/script>\n<!-- \/ Yoast SEO plugin. -->","yoast_head_json":{"title":"Na\u0161 tim || Specijalisti\u010dka ordinacija za maksilofacijalnu hirurgiju","description":"Na\u0161 tim predvodi prof. dr Zoran Staj\u010di\u0107, doktor stomatolo\u0161kih nauka, spec. maksilofacijalne hirurgije, oralne hirurgije i implantologije.","robots":{"index":"noindex","follow":"follow","max-snippet":"max-snippet:-1","max-image-preview":"max-image-preview:large","max-video-preview":"max-video-preview:-1"},"og_locale":"en_US","og_type":"article","og_title":"Na\u0161 tim || Specijalisti\u010dka ordinacija za maksilofacijalnu hirurgiju","og_description":"Na\u0161 tim predvodi prof. dr Zoran Staj\u010di\u0107, doktor stomatolo\u0161kih nauka, spec. maksilofacijalne hirurgije, oralne hirurgije i implantologije.","og_url":"https:\/\/beograd-centar.rs\/en\/our-team\/","og_site_name":"Belgrade Center","article_modified_time":"2022-05-16T11:30:32+00:00","twitter_card":"summary_large_image","twitter_misc":{"Est. reading time":"3 minutes"},"schema":{"@context":"https:\/\/schema.org","@graph":[{"@type":"WebPage","@id":"https:\/\/beograd-centar.rs\/en\/our-team\/","url":"https:\/\/beograd-centar.rs\/en\/our-team\/","name":"Na\u0161 tim || Specijalisti\u010dka ordinacija za maksilofacijalnu hirurgiju","isPartOf":{"@id":"https:\/\/beograd-centar.rs\/en\/#website"},"datePublished":"2016-06-22T14:27:51+00:00","dateModified":"2022-05-16T11:30:32+00:00","description":"Na\u0161 tim predvodi prof. dr Zoran Staj\u010di\u0107, doktor stomatolo\u0161kih nauka, spec. maksilofacijalne hirurgije, oralne hirurgije i implantologije.","breadcrumb":{"@id":"https:\/\/beograd-centar.rs\/en\/our-team\/#breadcrumb"},"inLanguage":"en-US","potentialAction":[{"@type":"ReadAction","target":["https:\/\/beograd-centar.rs\/en\/our-team\/"]}]},{"@type":"BreadcrumbList","@id":"https:\/\/beograd-centar.rs\/en\/our-team\/#breadcrumb","itemListElement":[{"@type":"ListItem","position":1,"name":"\u041f\u043e\u0447\u0435\u0442\u043d\u0430","item":"https:\/\/beograd-centar.rs\/en\/"},{"@type":"ListItem","position":2,"name":"Our team"}]},{"@type":"WebSite","@id":"https:\/\/beograd-centar.rs\/en\/#website","url":"https:\/\/beograd-centar.rs\/en\/","name":"Belgrade Center","description":"Oral, maxillofacial, and facial aesthetic surgery, as well as implantology.","potentialAction":[{"@type":"SearchAction","target":{"@type":"EntryPoint","urlTemplate":"https:\/\/beograd-centar.rs\/en\/?s={search_term_string}"},"query-input":{"@type":"PropertyValueSpecification","valueRequired":true,"valueName":"search_term_string"}}],"inLanguage":"en-US"}]}},"jetpack_sharing_enabled":true,"_links":{"self":[{"href":"https:\/\/beograd-centar.rs\/en\/wp-json\/wp\/v2\/pages\/965","targetHints":{"allow":["GET"]}}],"collection":[{"href":"https:\/\/beograd-centar.rs\/en\/wp-json\/wp\/v2\/pages"}],"about":[{"href":"https:\/\/beograd-centar.rs\/en\/wp-json\/wp\/v2\/types\/page"}],"author":[{"embeddable":true,"href":"https:\/\/beograd-centar.rs\/en\/wp-json\/wp\/v2\/users\/2"}],"replies":[{"embeddable":true,"href":"https:\/\/beograd-centar.rs\/en\/wp-json\/wp\/v2\/comments?post=965"}],"version-history":[{"count":54,"href":"https:\/\/beograd-centar.rs\/en\/wp-json\/wp\/v2\/pages\/965\/revisions"}],"predecessor-version":[{"id":9599,"href":"https:\/\/beograd-centar.rs\/en\/wp-json\/wp\/v2\/pages\/965\/revisions\/9599"}],"wp:attachment":[{"href":"https:\/\/beograd-centar.rs\/en\/wp-json\/wp\/v2\/media?parent=965"}],"curies":[{"name":"wp","href":"https:\/\/api.w.org\/{rel}","templated":true}]}}